{"id":204,"date":"2023-09-14T20:40:30","date_gmt":"2023-09-15T00:40:30","guid":{"rendered":"https:\/\/saiq.com\/dev\/terrain\/"},"modified":"2023-10-11T15:43:31","modified_gmt":"2023-10-11T19:43:31","slug":"terrain","status":"publish","type":"page","link":"https:\/\/saiq.com\/en\/terrain\/","title":{"rendered":"Land"},"content":{"rendered":"<h1>The land<\/h1>\n<h2>Technical aspects of the land<\/h2>\n<p><img loading=\"lazy\" decoding=\"async\" class=\"alignnone wp-image-9 size-full\" src=\"https:\/\/saiq.com\/wp-content\/uploads\/2023\/09\/img_600_2460.png\" alt=\"\" width=\"600\" height=\"450\" srcset=\"https:\/\/saiq.com\/wp-content\/uploads\/2023\/09\/img_600_2460.png 600w, https:\/\/saiq.com\/wp-content\/uploads\/2023\/09\/img_600_2460-300x225.png 300w\" sizes=\"auto, (max-width: 600px) 100vw, 600px\" \/><\/p>\n<ul>\n<li>In the province of Lim\u00f2n. Located 2 hours by car from the capital San Jos\u00e9 and 25 km from the town of Lim\u00f2n and 20 km from its airport<\/li>\n<li>Northeast orientation, Caribbean Sea side<\/li>\n<li>Total land area: 25 hectares or 250,000 meters2 (2,500,000 square feet)<\/li>\n<li>Frontage of 202 meters (662 feet) facing the beach with direct access to the sea<\/li>\n<li>Low elevation and very little unevenness<\/li>\n<li>Surface wells<\/li>\n<li>Public services: asphalt road and bus service<\/li>\n<li>Vegetation\/ornithology: fruit trees, palm trees, ornamental plants, flowers, exotic birds<\/li>\n<li>Ideal for recreational-sports complexes, hotels, residential complexes, health establishments, tourist villas, casinos, etc.<\/li>\n<li>Asking price: US$937,500 (contact seller directly)<\/li>\n<\/ul>\n<p><img loading=\"lazy\" decoding=\"async\" class=\"alignnone wp-image-15 size-full\" src=\"https:\/\/saiq.com\/wp-content\/uploads\/2023\/09\/image.png\" alt=\"\" width=\"658\" height=\"644\" srcset=\"https:\/\/saiq.com\/wp-content\/uploads\/2023\/09\/image.png 658w, https:\/\/saiq.com\/wp-content\/uploads\/2023\/09\/image-300x294.png 300w\" sizes=\"auto, (max-width: 658px) 100vw, 658px\" \/><\/p>\n","protected":false},"excerpt":{"rendered":"<p>The land Technical aspects of the land In the province of Lim\u00f2n. Located 2 hours by car from the capital San Jos\u00e9 and 25 km from the town of Lim\u00f2n and 20 km from its airport Northeast orientation, Caribbean Sea side Total land area: 25 hectares or 250,000 meters2 (2,500,000 square feet) Frontage of 202 <a href=\"https:\/\/saiq.com\/en\/terrain\/\" class=\"more-link\">&#8230;<span class=\"screen-reader-text\">  Land<\/span><\/a><\/p>\n","protected":false},"author":1,"featured_media":0,"parent":0,"menu_order":0,"comment_status":"closed","ping_status":"closed","template":"","meta":{"_acf_changed":false,"footnotes":""},"class_list":["post-204","page","type-page","status-publish","hentry"],"acf":[],"_links":{"self":[{"href":"https:\/\/saiq.com\/en\/wp-json\/wp\/v2\/pages\/204","targetHints":{"allow":["GET"]}}],"collection":[{"href":"https:\/\/saiq.com\/en\/wp-json\/wp\/v2\/pages"}],"about":[{"href":"https:\/\/saiq.com\/en\/wp-json\/wp\/v2\/types\/page"}],"author":[{"embeddable":true,"href":"https:\/\/saiq.com\/en\/wp-json\/wp\/v2\/users\/1"}],"replies":[{"embeddable":true,"href":"https:\/\/saiq.com\/en\/wp-json\/wp\/v2\/comments?post=204"}],"version-history":[{"count":1,"href":"https:\/\/saiq.com\/en\/wp-json\/wp\/v2\/pages\/204\/revisions"}],"predecessor-version":[{"id":268,"href":"https:\/\/saiq.com\/en\/wp-json\/wp\/v2\/pages\/204\/revisions\/268"}],"wp:attachment":[{"href":"https:\/\/saiq.com\/en\/wp-json\/wp\/v2\/media?parent=204"}],"curies":[{"name":"wp","href":"https:\/\/api.w.org\/{rel}","templated":true}]}}